{"id":951,"date":"2020-05-14T16:59:25","date_gmt":"2020-05-14T16:59:25","guid":{"rendered":"https:\/\/parfumdepoche.fr\/?page_id=951"},"modified":"2022-11-07T08:13:18","modified_gmt":"2022-11-07T08:13:18","slug":"parfum-homme","status":"publish","type":"page","link":"https:\/\/thelittleparfum.com\/en\/parfum-homme\/","title":{"rendered":"POUR HOMME"},"content":{"rendered":"<div data-elementor-type=\"wp-page\" data-elementor-id=\"951\" class=\"elementor elementor-951\">\n\t\t\t\t\t\t<section class=\"elementor-section elementor-top-section elementor-element elementor-element-7b2604e elementor-section-boxed elementor-section-height-default elementor-section-height-default\" data-id=\"7b2604e\" data-element_type=\"section\" data-e-type=\"section\">\n\t\t\t\t\t\t<div class=\"elementor-container elementor-column-gap-default\">\n\t\t\t\t\t<div class=\"elementor-column elementor-col-100 elementor-top-column elementor-element elementor-element-64430d8\" data-id=\"64430d8\" data-element_type=\"column\" data-e-type=\"column\">\n\t\t\t<div class=\"elementor-widget-wrap elementor-element-populated\">\n\t\t\t\t\t\t<div class=\"elementor-element elementor-element-97561a8 elementor-widget elementor-widget-heading\" data-id=\"97561a8\" data-element_type=\"widget\" data-e-type=\"widget\" data-widget_type=\"heading.default\">\n\t\t\t\t<div class=\"elementor-widget-container\">\n\t\t\t\t\t<h1 class=\"elementor-heading-title elementor-size-large\">PARFUM HOMME\n<\/h1>\t\t\t\t<\/div>\n\t\t\t\t<\/div>\n\t\t\t\t<div class=\"elementor-element elementor-element-ef23b1d elementor-widget elementor-widget-heading\" data-id=\"ef23b1d\" data-element_type=\"widget\" data-e-type=\"widget\" data-widget_type=\"heading.default\">\n\t\t\t\t<div class=\"elementor-widget-container\">\n\t\t\t\t\t<p class=\"elementor-heading-title elementor-size-small\">V\u00e9ritable signe distinctif, le parfum homme r\u00e9v\u00e8le la personnalit\u00e9 de celui qui le porte. Frais,poudr\u00e9, bois\u00e9, le parfum homme se veut \u00e0 la fois puissant et d\u00e9licat. thelittleparfum.com vous propose des best-sellers et nouveaut\u00e9s, des parfums aux tonalit\u00e9s bien particuli\u00e8res.Il ne reste plus qu'\u00e0 choisir celle qui r\u00e9v\u00e8lera votre v\u00e9ritable essence.<\/p>\t\t\t\t<\/div>\n\t\t\t\t<\/div>\n\t\t\t\t<div class=\"elementor-element elementor-element-fe4b5ed elementor-view-stacked elementor-shape-circle elementor-widget elementor-widget-icon\" data-id=\"fe4b5ed\" data-element_type=\"widget\" data-e-type=\"widget\" data-widget_type=\"icon.default\">\n\t\t\t\t<div class=\"elementor-widget-container\">\n\t\t\t\t\t\t\t<div class=\"elementor-icon-wrapper\">\n\t\t\t<div class=\"elementor-icon\">\n\t\t\t<i aria-hidden=\"true\" class=\"fas fa-star\"><\/i>\t\t\t<\/div>\n\t\t<\/div>\n\t\t\t\t\t\t<\/div>\n\t\t\t\t<\/div>\n\t\t\t\t\t<\/div>\n\t\t<\/div>\n\t\t\t\t\t<\/div>\n\t\t<\/section>\n\t\t\t\t<section class=\"elementor-section elementor-top-section elementor-element elementor-element-6c39993 elementor-section-boxed elementor-section-height-default elementor-section-height-default\" data-id=\"6c39993\" data-element_type=\"section\" data-e-type=\"section\">\n\t\t\t\t\t\t<div class=\"elementor-container elementor-column-gap-default\">\n\t\t\t\t\t<div class=\"elementor-column elementor-col-100 elementor-top-column elementor-element elementor-element-7b7b04b\" data-id=\"7b7b04b\" data-element_type=\"column\" data-e-type=\"column\">\n\t\t\t<div class=\"elementor-widget-wrap elementor-element-populated\">\n\t\t\t\t\t\t<div class=\"elementor-element elementor-element-90cd950 elementor-widget elementor-widget-shortcode\" data-id=\"90cd950\" data-element_type=\"widget\" data-e-type=\"widget\" data-widget_type=\"shortcode.default\">\n\t\t\t\t<div class=\"elementor-widget-container\">\n\t\t\t\t\t\t\t<div class=\"elementor-shortcode\"><div class=\"woocommerce columns-4\"><\/div><\/div>\n\t\t\t\t\t\t<\/div>\n\t\t\t\t<\/div>\n\t\t\t\t\t<\/div>\n\t\t<\/div>\n\t\t\t\t\t<\/div>\n\t\t<\/section>\n\t\t\t\t<\/div>","protected":false},"excerpt":{"rendered":"<p>PARFUM HOMME V\u00e9ritable signe distinctif, le parfum homme r\u00e9v\u00e8le la personnalit\u00e9 de celui qui le porte. Frais,poudr\u00e9, bois\u00e9, le parfum&#8230;<\/p>","protected":false},"author":1,"featured_media":1097,"parent":0,"menu_order":0,"comment_status":"closed","ping_status":"closed","template":"","meta":{"_acf_changed":false,"_monsterinsights_skip_tracking":false,"_monsterinsights_sitenote_active":false,"_monsterinsights_sitenote_note":"","_monsterinsights_sitenote_category":0,"footnotes":""},"class_list":["post-951","page","type-page","status-publish","has-post-thumbnail","hentry"],"acf":[],"yoast_head":"<!-- This site is optimized with the Yoast SEO plugin v25.4 - https:\/\/yoast.com\/wordpress\/plugins\/seo\/ -->\n<title>Parfum homme : thelittleparfum.com<\/title>\n<meta name=\"description\" content=\"V\u00e9ritable signe distinctif, le parfum homme r\u00e9v\u00e8le la personnalit\u00e9 de celui qui le porte. Frais,poudr\u00e9, bois\u00e9, le parfum homme se veut \u00e0 la fois puissant et d\u00e9licat. thelittleparfum.com vous propose des best-sellers et nouveaut\u00e9s, des parfums aux tonalit\u00e9s bien particuli\u00e8res.Il ne reste plus qu&#039;\u00e0 choisir celle qui r\u00e9v\u00e8lera votre v\u00e9ritable essence.\" \/>\n<meta name=\"robots\" content=\"index, follow, max-snippet:-1, max-image-preview:large, max-video-preview:-1\" \/>\n<link rel=\"canonical\" href=\"https:\/\/thelittleparfum.com\/en\/parfum-homme\/\" \/>\n<meta property=\"og:locale\" content=\"en_US\" \/>\n<meta property=\"og:type\" content=\"article\" \/>\n<meta property=\"og:title\" content=\"Parfum homme : thelittleparfum.com\" \/>\n<meta property=\"og:description\" content=\"V\u00e9ritable signe distinctif, le parfum homme r\u00e9v\u00e8le la personnalit\u00e9 de celui qui le porte. Frais,poudr\u00e9, bois\u00e9, le parfum homme se veut \u00e0 la fois puissant et d\u00e9licat. thelittleparfum.com vous propose des best-sellers et nouveaut\u00e9s, des parfums aux tonalit\u00e9s bien particuli\u00e8res.Il ne reste plus qu&#039;\u00e0 choisir celle qui r\u00e9v\u00e8lera votre v\u00e9ritable essence.\" \/>\n<meta property=\"og:url\" content=\"https:\/\/thelittleparfum.com\/en\/parfum-homme\/\" \/>\n<meta property=\"og:site_name\" content=\"The Little Parfum\" \/>\n<meta property=\"article:publisher\" content=\"https:\/\/www.facebook.com\/Thelittleparfum.coms\" \/>\n<meta property=\"article:modified_time\" content=\"2022-11-07T08:13:18+00:00\" \/>\n<meta property=\"og:image\" content=\"https:\/\/thelittleparfum.com\/wp-content\/uploads\/2020\/05\/man-perfume.jpg\" \/>\n\t<meta property=\"og:image:width\" content=\"968\" \/>\n\t<meta property=\"og:image:height\" content=\"681\" \/>\n\t<meta property=\"og:image:type\" content=\"image\/jpeg\" \/>\n<meta name=\"twitter:card\" content=\"summary_large_image\" \/>\n<meta name=\"twitter:label1\" content=\"Est. reading time\" \/>\n\t<meta name=\"twitter:data1\" content=\"4 minutes\" \/>\n<script type=\"application\/ld+json\" class=\"yoast-schema-graph\">{\"@context\":\"https:\/\/schema.org\",\"@graph\":[{\"@type\":\"WebPage\",\"@id\":\"https:\/\/thelittleparfum.com\/parfum-homme\/\",\"url\":\"https:\/\/thelittleparfum.com\/parfum-homme\/\",\"name\":\"Parfum homme : thelittleparfum.com\",\"isPartOf\":{\"@id\":\"https:\/\/thelittleparfum.com\/#website\"},\"primaryImageOfPage\":{\"@id\":\"https:\/\/thelittleparfum.com\/parfum-homme\/#primaryimage\"},\"image\":{\"@id\":\"https:\/\/thelittleparfum.com\/parfum-homme\/#primaryimage\"},\"thumbnailUrl\":\"https:\/\/thelittleparfum.com\/wp-content\/uploads\/2020\/05\/man-perfume.jpg\",\"datePublished\":\"2020-05-14T16:59:25+00:00\",\"dateModified\":\"2022-11-07T08:13:18+00:00\",\"description\":\"V\u00e9ritable signe distinctif, le parfum homme r\u00e9v\u00e8le la personnalit\u00e9 de celui qui le porte. Frais,poudr\u00e9, bois\u00e9, le parfum homme se veut \u00e0 la fois puissant et d\u00e9licat. thelittleparfum.com vous propose des best-sellers et nouveaut\u00e9s, des parfums aux tonalit\u00e9s bien particuli\u00e8res.Il ne reste plus qu'\u00e0 choisir celle qui r\u00e9v\u00e8lera votre v\u00e9ritable essence.\",\"breadcrumb\":{\"@id\":\"https:\/\/thelittleparfum.com\/parfum-homme\/#breadcrumb\"},\"inLanguage\":\"en-US\",\"potentialAction\":[{\"@type\":\"ReadAction\",\"target\":[\"https:\/\/thelittleparfum.com\/parfum-homme\/\"]}]},{\"@type\":\"ImageObject\",\"inLanguage\":\"en-US\",\"@id\":\"https:\/\/thelittleparfum.com\/parfum-homme\/#primaryimage\",\"url\":\"https:\/\/thelittleparfum.com\/wp-content\/uploads\/2020\/05\/man-perfume.jpg\",\"contentUrl\":\"https:\/\/thelittleparfum.com\/wp-content\/uploads\/2020\/05\/man-perfume.jpg\",\"width\":968,\"height\":681,\"caption\":\"parfum homme\"},{\"@type\":\"BreadcrumbList\",\"@id\":\"https:\/\/thelittleparfum.com\/parfum-homme\/#breadcrumb\",\"itemListElement\":[{\"@type\":\"ListItem\",\"position\":1,\"name\":\"Home\",\"item\":\"https:\/\/thelittleparfum.com\/\"},{\"@type\":\"ListItem\",\"position\":2,\"name\":\"POUR HOMME\"}]},{\"@type\":\"WebSite\",\"@id\":\"https:\/\/thelittleparfum.com\/#website\",\"url\":\"https:\/\/thelittleparfum.com\/\",\"name\":\"The Little Parfum\",\"description\":\"parfum 30ml\",\"publisher\":{\"@id\":\"https:\/\/thelittleparfum.com\/#organization\"},\"potentialAction\":[{\"@type\":\"SearchAction\",\"target\":{\"@type\":\"EntryPoint\",\"urlTemplate\":\"https:\/\/thelittleparfum.com\/?s={search_term_string}\"},\"query-input\":{\"@type\":\"PropertyValueSpecification\",\"valueRequired\":true,\"valueName\":\"search_term_string\"}}],\"inLanguage\":\"en-US\"},{\"@type\":\"Organization\",\"@id\":\"https:\/\/thelittleparfum.com\/#organization\",\"name\":\"Thelittleparfum.com\",\"url\":\"https:\/\/thelittleparfum.com\/\",\"logo\":{\"@type\":\"ImageObject\",\"inLanguage\":\"en-US\",\"@id\":\"https:\/\/thelittleparfum.com\/#\/schema\/logo\/image\/\",\"url\":\"https:\/\/thelittleparfum.com\/wp-content\/uploads\/2020\/06\/cropped-New-Project-10.png.png\",\"contentUrl\":\"https:\/\/thelittleparfum.com\/wp-content\/uploads\/2020\/06\/cropped-New-Project-10.png.png\",\"width\":191,\"height\":83,\"caption\":\"Thelittleparfum.com\"},\"image\":{\"@id\":\"https:\/\/thelittleparfum.com\/#\/schema\/logo\/image\/\"},\"sameAs\":[\"https:\/\/www.facebook.com\/Thelittleparfum.coms\"]}]}<\/script>\n<!-- \/ Yoast SEO plugin. -->","yoast_head_json":{"title":"Parfum homme : thelittleparfum.com","description":"V\u00e9ritable signe distinctif, le parfum homme r\u00e9v\u00e8le la personnalit\u00e9 de celui qui le porte. Frais,poudr\u00e9, bois\u00e9, le parfum homme se veut \u00e0 la fois puissant et d\u00e9licat. thelittleparfum.com vous propose des best-sellers et nouveaut\u00e9s, des parfums aux tonalit\u00e9s bien particuli\u00e8res.Il ne reste plus qu'\u00e0 choisir celle qui r\u00e9v\u00e8lera votre v\u00e9ritable essence.","robots":{"index":"index","follow":"follow","max-snippet":"max-snippet:-1","max-image-preview":"max-image-preview:large","max-video-preview":"max-video-preview:-1"},"canonical":"https:\/\/thelittleparfum.com\/en\/parfum-homme\/","og_locale":"en_US","og_type":"article","og_title":"Parfum homme : thelittleparfum.com","og_description":"V\u00e9ritable signe distinctif, le parfum homme r\u00e9v\u00e8le la personnalit\u00e9 de celui qui le porte. Frais,poudr\u00e9, bois\u00e9, le parfum homme se veut \u00e0 la fois puissant et d\u00e9licat. thelittleparfum.com vous propose des best-sellers et nouveaut\u00e9s, des parfums aux tonalit\u00e9s bien particuli\u00e8res.Il ne reste plus qu'\u00e0 choisir celle qui r\u00e9v\u00e8lera votre v\u00e9ritable essence.","og_url":"https:\/\/thelittleparfum.com\/en\/parfum-homme\/","og_site_name":"The Little Parfum","article_publisher":"https:\/\/www.facebook.com\/Thelittleparfum.coms","article_modified_time":"2022-11-07T08:13:18+00:00","og_image":[{"width":968,"height":681,"url":"https:\/\/thelittleparfum.com\/wp-content\/uploads\/2020\/05\/man-perfume.jpg","type":"image\/jpeg"}],"twitter_card":"summary_large_image","twitter_misc":{"Est. reading time":"4 minutes"},"schema":{"@context":"https:\/\/schema.org","@graph":[{"@type":"WebPage","@id":"https:\/\/thelittleparfum.com\/parfum-homme\/","url":"https:\/\/thelittleparfum.com\/parfum-homme\/","name":"Parfum homme : thelittleparfum.com","isPartOf":{"@id":"https:\/\/thelittleparfum.com\/#website"},"primaryImageOfPage":{"@id":"https:\/\/thelittleparfum.com\/parfum-homme\/#primaryimage"},"image":{"@id":"https:\/\/thelittleparfum.com\/parfum-homme\/#primaryimage"},"thumbnailUrl":"https:\/\/thelittleparfum.com\/wp-content\/uploads\/2020\/05\/man-perfume.jpg","datePublished":"2020-05-14T16:59:25+00:00","dateModified":"2022-11-07T08:13:18+00:00","description":"V\u00e9ritable signe distinctif, le parfum homme r\u00e9v\u00e8le la personnalit\u00e9 de celui qui le porte. Frais,poudr\u00e9, bois\u00e9, le parfum homme se veut \u00e0 la fois puissant et d\u00e9licat. thelittleparfum.com vous propose des best-sellers et nouveaut\u00e9s, des parfums aux tonalit\u00e9s bien particuli\u00e8res.Il ne reste plus qu'\u00e0 choisir celle qui r\u00e9v\u00e8lera votre v\u00e9ritable essence.","breadcrumb":{"@id":"https:\/\/thelittleparfum.com\/parfum-homme\/#breadcrumb"},"inLanguage":"en-US","potentialAction":[{"@type":"ReadAction","target":["https:\/\/thelittleparfum.com\/parfum-homme\/"]}]},{"@type":"ImageObject","inLanguage":"en-US","@id":"https:\/\/thelittleparfum.com\/parfum-homme\/#primaryimage","url":"https:\/\/thelittleparfum.com\/wp-content\/uploads\/2020\/05\/man-perfume.jpg","contentUrl":"https:\/\/thelittleparfum.com\/wp-content\/uploads\/2020\/05\/man-perfume.jpg","width":968,"height":681,"caption":"parfum homme"},{"@type":"BreadcrumbList","@id":"https:\/\/thelittleparfum.com\/parfum-homme\/#breadcrumb","itemListElement":[{"@type":"ListItem","position":1,"name":"Home","item":"https:\/\/thelittleparfum.com\/"},{"@type":"ListItem","position":2,"name":"POUR HOMME"}]},{"@type":"WebSite","@id":"https:\/\/thelittleparfum.com\/#website","url":"https:\/\/thelittleparfum.com\/","name":"The Little Parfum","description":"parfum 30ml","publisher":{"@id":"https:\/\/thelittleparfum.com\/#organization"},"potentialAction":[{"@type":"SearchAction","target":{"@type":"EntryPoint","urlTemplate":"https:\/\/thelittleparfum.com\/?s={search_term_string}"},"query-input":{"@type":"PropertyValueSpecification","valueRequired":true,"valueName":"search_term_string"}}],"inLanguage":"en-US"},{"@type":"Organization","@id":"https:\/\/thelittleparfum.com\/#organization","name":"Thelittleparfum.com","url":"https:\/\/thelittleparfum.com\/","logo":{"@type":"ImageObject","inLanguage":"en-US","@id":"https:\/\/thelittleparfum.com\/#\/schema\/logo\/image\/","url":"https:\/\/thelittleparfum.com\/wp-content\/uploads\/2020\/06\/cropped-New-Project-10.png.png","contentUrl":"https:\/\/thelittleparfum.com\/wp-content\/uploads\/2020\/06\/cropped-New-Project-10.png.png","width":191,"height":83,"caption":"Thelittleparfum.com"},"image":{"@id":"https:\/\/thelittleparfum.com\/#\/schema\/logo\/image\/"},"sameAs":["https:\/\/www.facebook.com\/Thelittleparfum.coms"]}]}},"jetpack_sharing_enabled":true,"post-meta":{"_edit_lock":["1667811883:1"],"_edit_last":["1"],"site-container":["default"],"site-header-transparent":["default"],"site-page-header":["default"],"site-sidebar":["default"],"_elementor_template_type":["wp-page"],"_elementor_version":["3.7.7"],"_wp_page_template":["default"],"_elementor_data":["[{\"id\":\"7b2604e\",\"elType\":\"section\",\"settings\":[],\"elements\":[{\"id\":\"64430d8\",\"elType\":\"column\",\"settings\":{\"_column_size\":100,\"_inline_size\":null},\"elements\":[{\"id\":\"97561a8\",\"elType\":\"widget\",\"settings\":{\"title\":\"PARFUM HOMME\\n\",\"header_size\":\"h1\",\"align\":\"center\",\"title_color\":\"#001C89\",\"typography_typography\":\"custom\",\"typography_font_family\":\"Bungee Shade\",\"typography_line_height\":{\"unit\":\"em\",\"size\":1,\"sizes\":[]},\"typography_letter_spacing\":{\"unit\":\"px\",\"size\":3.8,\"sizes\":[]},\"text_shadow_text_shadow\":{\"horizontal\":-23,\"vertical\":0,\"blur\":0,\"color\":\"rgba(99, 99, 99, 0.3)\"},\"size\":\"large\"},\"elements\":[],\"widgetType\":\"heading\"},{\"id\":\"ef23b1d\",\"elType\":\"widget\",\"settings\":{\"title\":\"V\\u00e9ritable signe distinctif, le parfum homme r\\u00e9v\\u00e8le la personnalit\\u00e9 de celui qui le porte. Frais,poudr\\u00e9, bois\\u00e9, le parfum homme se veut \\u00e0 la fois puissant et d\\u00e9licat. thelittleparfum.com vous propose des best-sellers et nouveaut\\u00e9s, des parfums aux tonalit\\u00e9s bien particuli\\u00e8res.Il ne reste plus qu'\\u00e0 choisir celle qui r\\u00e9v\\u00e8lera votre v\\u00e9ritable essence.\",\"size\":\"small\",\"header_size\":\"p\",\"align\":\"center\"},\"elements\":[],\"widgetType\":\"heading\"},{\"id\":\"fe4b5ed\",\"elType\":\"widget\",\"settings\":{\"view\":\"stacked\",\"primary_color\":\"#306E9E\",\"size\":{\"unit\":\"px\",\"size\":20,\"sizes\":[]},\"icon_padding\":{\"unit\":\"px\",\"size\":6,\"sizes\":[]},\"border_radius\":{\"unit\":\"px\",\"top\":\"5\",\"right\":\"5\",\"bottom\":\"5\",\"left\":\"5\",\"isLinked\":true}},\"elements\":[],\"widgetType\":\"icon\"}],\"isInner\":false}],\"isInner\":false},{\"id\":\"6c39993\",\"elType\":\"section\",\"settings\":{\"content_width\":{\"unit\":\"px\",\"size\":1600,\"sizes\":[]}},\"elements\":[{\"id\":\"7b7b04b\",\"elType\":\"column\",\"settings\":{\"_column_size\":100},\"elements\":[{\"id\":\"90cd950\",\"elType\":\"widget\",\"settings\":{\"shortcode\":\"[products limit=10 paginate=true columns=4 rows=3 orderby=\\\"date\\\" product_category category=\\\"parfum homme\\\"]\"},\"elements\":[],\"widgetType\":\"shortcode\"}],\"isInner\":false}],\"isInner\":false}]"],"_elementor_edit_mode":["builder"],"rank_math_robots":["a:1:{i:0;s:5:\"index\";}"],"rank_math_focus_keyword":["parfum 30ml pour homme"],"_yoast_wpseo_title":["Parfum homme : thelittleparfum.com"],"_yoast_wpseo_content_score":["90"],"_elementor_page_settings":["a:1:{s:18:\"eael_ext_toc_title\";s:17:\"Table of Contents\";}"],"hefo_before":["0"],"hefo_after":["0"],"_elementor_controls_usage":["a:5:{s:7:\"heading\";a:3:{s:5:\"count\";i:1;s:15:\"control_percent\";i:4;s:8:\"controls\";a:2:{s:7:\"content\";a:1:{s:13:\"section_title\";a:4:{s:5:\"title\";i:1;s:11:\"header_size\";i:1;s:5:\"align\";i:1;s:4:\"size\";i:1;}}s:5:\"style\";a:1:{s:19:\"section_title_style\";a:6:{s:11:\"title_color\";i:1;s:21:\"typography_typography\";i:1;s:22:\"typography_font_family\";i:1;s:22:\"typography_line_height\";i:1;s:25:\"typography_letter_spacing\";i:1;s:23:\"text_shadow_text_shadow\";i:1;}}}}s:4:\"icon\";a:3:{s:5:\"count\";i:1;s:15:\"control_percent\";i:2;s:8:\"controls\";a:2:{s:7:\"content\";a:1:{s:12:\"section_icon\";a:1:{s:4:\"view\";i:1;}}s:5:\"style\";a:1:{s:18:\"section_style_icon\";a:4:{s:13:\"primary_color\";i:1;s:4:\"size\";i:1;s:12:\"icon_padding\";i:1;s:13:\"border_radius\";i:1;}}}}s:6:\"column\";a:3:{s:5:\"count\";i:2;s:15:\"control_percent\";i:0;s:8:\"controls\";a:1:{s:6:\"layout\";a:1:{s:6:\"layout\";a:1:{s:12:\"_inline_size\";i:1;}}}}s:7:\"section\";a:3:{s:5:\"count\";i:2;s:15:\"control_percent\";i:0;s:8:\"controls\";a:1:{s:6:\"layout\";a:1:{s:14:\"section_layout\";a:1:{s:13:\"content_width\";i:1;}}}}s:9:\"shortcode\";a:3:{s:5:\"count\";i:1;s:15:\"control_percent\";i:0;s:8:\"controls\";a:1:{s:7:\"content\";a:1:{s:17:\"section_shortcode\";a:1:{s:9:\"shortcode\";i:1;}}}}}"],"_eael_custom_js":[""],"_last_editor_used_jetpack":["block-editor"],"_thumbnail_id":["1097"],"ao_post_optimize":["a:6:{s:16:\"ao_post_optimize\";s:2:\"on\";s:19:\"ao_post_js_optimize\";s:2:\"on\";s:20:\"ao_post_css_optimize\";s:2:\"on\";s:12:\"ao_post_ccss\";s:2:\"on\";s:16:\"ao_post_lazyload\";s:2:\"on\";s:15:\"ao_post_preload\";s:0:\"\";}"],"_yoast_wpseo_metadesc":["V\u00e9ritable signe distinctif, le parfum homme r\u00e9v\u00e8le la personnalit\u00e9 de celui qui le porte. Frais,poudr\u00e9, bois\u00e9, le parfum homme se veut \u00e0 la fois puissant et d\u00e9licat. thelittleparfum.com vous propose des best-sellers et nouveaut\u00e9s, des parfums aux tonalit\u00e9s bien particuli\u00e8res.Il ne reste plus qu'\u00e0 choisir celle qui r\u00e9v\u00e8lera votre v\u00e9ritable essence."],"_yoast_wpseo_estimated-reading-time-minutes":["4"],"_yoast_wpseo_wordproof_timestamp":[""],"_eael_post_view_count":["1339"],"_elementor_page_assets":["a:2:{s:6:\"styles\";a:1:{i:0;s:14:\"widget-heading\";}s:7:\"scripts\";a:1:{i:0;s:18:\"elementor-frontend\";}}"],"_elementor_css":["a:7:{s:4:\"time\";i:1777007609;s:5:\"fonts\";a:1:{i:0;s:12:\"Bungee Shade\";}s:5:\"icons\";a:1:{i:0;s:8:\"fa-solid\";}s:20:\"dynamic_elements_ids\";a:0:{}s:6:\"status\";s:6:\"inline\";i:0;s:0:\"\";s:3:\"css\";s:1340:\".elementor-951 .elementor-element.elementor-element-97561a8{text-align:center;}.elementor-951 .elementor-element.elementor-element-97561a8 .elementor-heading-title{font-family:\"Bungee Shade\", Sans-serif;line-height:1em;letter-spacing:3.8px;color:#001C89;}.elementor-951 .elementor-element.elementor-element-ef23b1d{text-align:center;}.elementor-951 .elementor-element.elementor-element-fe4b5ed .elementor-icon-wrapper{text-align:center;}.elementor-951 .elementor-element.elementor-element-fe4b5ed.elementor-view-stacked .elementor-icon{background-color:#306E9E;}.elementor-951 .elementor-element.elementor-element-fe4b5ed.elementor-view-framed .elementor-icon, .elementor-951 .elementor-element.elementor-element-fe4b5ed.elementor-view-default .elementor-icon{color:#306E9E;border-color:#306E9E;}.elementor-951 .elementor-element.elementor-element-fe4b5ed.elementor-view-framed .elementor-icon, .elementor-951 .elementor-element.elementor-element-fe4b5ed.elementor-view-default .elementor-icon svg{fill:#306E9E;}.elementor-951 .elementor-element.elementor-element-fe4b5ed .elementor-icon{font-size:20px;padding:6px;border-radius:5px 5px 5px 5px;}.elementor-951 .elementor-element.elementor-element-fe4b5ed .elementor-icon svg{height:20px;}.elementor-951 .elementor-element.elementor-element-6c39993 > .elementor-container{max-width:1600px;}\";}"],"_elementor_element_cache":["{\"timeout\":1777094009,\"value\":{\"content\":\"\\t\\t<section class=\\\"elementor-section elementor-top-section elementor-element elementor-element-7b2604e elementor-section-boxed elementor-section-height-default elementor-section-height-default\\\" data-id=\\\"7b2604e\\\" data-element_type=\\\"section\\\" data-e-type=\\\"section\\\">\\n\\t\\t\\t\\t\\t\\t<div class=\\\"elementor-container elementor-column-gap-default\\\">\\n\\t\\t\\t\\t\\t<div class=\\\"elementor-column elementor-col-100 elementor-top-column elementor-element elementor-element-64430d8\\\" data-id=\\\"64430d8\\\" data-element_type=\\\"column\\\" data-e-type=\\\"column\\\">\\n\\t\\t\\t<div class=\\\"elementor-widget-wrap elementor-element-populated\\\">\\n\\t\\t\\t\\t\\t\\t<div class=\\\"elementor-element elementor-element-97561a8 elementor-widget elementor-widget-heading\\\" data-id=\\\"97561a8\\\" data-element_type=\\\"widget\\\" data-e-type=\\\"widget\\\" data-widget_type=\\\"heading.default\\\">\\n\\t\\t\\t\\t<div class=\\\"elementor-widget-container\\\">\\n\\t\\t\\t\\t\\t<h1 class=\\\"elementor-heading-title elementor-size-large\\\">PARFUM HOMME\\n<\\\/h1>\\t\\t\\t\\t<\\\/div>\\n\\t\\t\\t\\t<\\\/div>\\n\\t\\t\\t\\t<div class=\\\"elementor-element elementor-element-ef23b1d elementor-widget elementor-widget-heading\\\" data-id=\\\"ef23b1d\\\" data-element_type=\\\"widget\\\" data-e-type=\\\"widget\\\" data-widget_type=\\\"heading.default\\\">\\n\\t\\t\\t\\t<div class=\\\"elementor-widget-container\\\">\\n\\t\\t\\t\\t\\t<p class=\\\"elementor-heading-title elementor-size-small\\\">V\\u00e9ritable signe distinctif, le parfum homme r\\u00e9v\\u00e8le la personnalit\\u00e9 de celui qui le porte. Frais,poudr\\u00e9, bois\\u00e9, le parfum homme se veut \\u00e0 la fois puissant et d\\u00e9licat. thelittleparfum.com vous propose des best-sellers et nouveaut\\u00e9s, des parfums aux tonalit\\u00e9s bien particuli\\u00e8res.Il ne reste plus qu'\\u00e0 choisir celle qui r\\u00e9v\\u00e8lera votre v\\u00e9ritable essence.<\\\/p>\\t\\t\\t\\t<\\\/div>\\n\\t\\t\\t\\t<\\\/div>\\n\\t\\t\\t\\t<div class=\\\"elementor-element elementor-element-fe4b5ed elementor-view-stacked elementor-shape-circle elementor-widget elementor-widget-icon\\\" data-id=\\\"fe4b5ed\\\" data-element_type=\\\"widget\\\" data-e-type=\\\"widget\\\" data-widget_type=\\\"icon.default\\\">\\n\\t\\t\\t\\t<div class=\\\"elementor-widget-container\\\">\\n\\t\\t\\t\\t\\t\\t\\t<div class=\\\"elementor-icon-wrapper\\\">\\n\\t\\t\\t<div class=\\\"elementor-icon\\\">\\n\\t\\t\\t<i aria-hidden=\\\"true\\\" class=\\\"fas fa-star\\\"><\\\/i>\\t\\t\\t<\\\/div>\\n\\t\\t<\\\/div>\\n\\t\\t\\t\\t\\t\\t<\\\/div>\\n\\t\\t\\t\\t<\\\/div>\\n\\t\\t\\t\\t\\t<\\\/div>\\n\\t\\t<\\\/div>\\n\\t\\t\\t\\t\\t<\\\/div>\\n\\t\\t<\\\/section>\\n\\t\\t\\t\\t<section class=\\\"elementor-section elementor-top-section elementor-element elementor-element-6c39993 elementor-section-boxed elementor-section-height-default elementor-section-height-default\\\" data-id=\\\"6c39993\\\" data-element_type=\\\"section\\\" data-e-type=\\\"section\\\">\\n\\t\\t\\t\\t\\t\\t<div class=\\\"elementor-container elementor-column-gap-default\\\">\\n\\t\\t\\t\\t\\t<div class=\\\"elementor-column elementor-col-100 elementor-top-column elementor-element elementor-element-7b7b04b\\\" data-id=\\\"7b7b04b\\\" data-element_type=\\\"column\\\" data-e-type=\\\"column\\\">\\n\\t\\t\\t<div class=\\\"elementor-widget-wrap elementor-element-populated\\\">\\n\\t\\t\\t\\t[elementor-element k=\\\"f5ae32a258b2c08472d5d9490fd695f9\\\" data=\\\"eyJpZCI6IjkwY2Q5NTAiLCJlbFR5cGUiOiJ3aWRnZXQiLCJzZXR0aW5ncyI6eyJzaG9ydGNvZGUiOiJbcHJvZHVjdHMgbGltaXQ9MTAgcGFnaW5hdGU9dHJ1ZSBjb2x1bW5zPTQgcm93cz0zIG9yZGVyYnk9XCJkYXRlXCIgcHJvZHVjdF9jYXRlZ29yeSBjYXRlZ29yeT1cInBhcmZ1bSBob21tZVwiXSJ9LCJlbGVtZW50cyI6W10sIndpZGdldFR5cGUiOiJzaG9ydGNvZGUifQ==\\\"]\\t\\t\\t<\\\/div>\\n\\t\\t<\\\/div>\\n\\t\\t\\t\\t\\t<\\\/div>\\n\\t\\t<\\\/section>\\n\\t\\t\",\"scripts\":[],\"styles\":[]}}"]},"_links":{"self":[{"href":"https:\/\/thelittleparfum.com\/en\/wp-json\/wp\/v2\/pages\/951","targetHints":{"allow":["GET"]}}],"collection":[{"href":"https:\/\/thelittleparfum.com\/en\/wp-json\/wp\/v2\/pages"}],"about":[{"href":"https:\/\/thelittleparfum.com\/en\/wp-json\/wp\/v2\/types\/page"}],"author":[{"embeddable":true,"href":"https:\/\/thelittleparfum.com\/en\/wp-json\/wp\/v2\/users\/1"}],"replies":[{"embeddable":true,"href":"https:\/\/thelittleparfum.com\/en\/wp-json\/wp\/v2\/comments?post=951"}],"version-history":[{"count":4,"href":"https:\/\/thelittleparfum.com\/en\/wp-json\/wp\/v2\/pages\/951\/revisions"}],"predecessor-version":[{"id":5235,"href":"https:\/\/thelittleparfum.com\/en\/wp-json\/wp\/v2\/pages\/951\/revisions\/5235"}],"wp:featuredmedia":[{"embeddable":true,"href":"https:\/\/thelittleparfum.com\/en\/wp-json\/wp\/v2\/media\/1097"}],"wp:attachment":[{"href":"https:\/\/thelittleparfum.com\/en\/wp-json\/wp\/v2\/media?parent=951"}],"curies":[{"name":"wp","href":"https:\/\/api.w.org\/{rel}","templated":true}]}}